{"id":1037,"date":"2025-05-02T06:16:05","date_gmt":"2025-05-02T06:16:05","guid":{"rendered":"https:\/\/agenciacrocante.pe\/?page_id=1037"},"modified":"2025-05-06T05:52:05","modified_gmt":"2025-05-06T05:52:05","slug":"crocante-2","status":"publish","type":"page","link":"https:\/\/agenciacrocante.pe\/","title":{"rendered":"Crocante"},"content":{"rendered":"\n<div class=\"wp-block-stackable-hero alignfull stk-block-hero stk-block stk-02a8952 stk-block-background is-style-default stk--has-background-overlay\" data-v=\"2\" data-block-id=\"02a8952\"><style>.stk-02a8952-inner-blocks{justify-content:center !important;}.stk-02a8952 {background-color:#0037ffb0 !important;background-image:url(https:\/\/agenciacrocante.pe\/wp-content\/uploads\/2025\/05\/PLANTILLA-CROCANTE-COTI-Y-CIERRE-18-scaled.png) !important;background-position:top right !important;border-top-left-radius:0px !important;border-top-right-radius:0px !important;border-bottom-right-radius:0px !important;border-bottom-left-radius:0px !important;overflow:hidden !important;box-shadow:none !important;border-style:solid !important;border-top-width:0px !important;border-right-width:0px !important;border-bottom-width:0px !important;border-left-width:0px !important;align-items:flex-end !important;padding-top:0px !important;padding-right:0px !important;padding-bottom:0px !important;padding-left:0px !important;margin-top:0px !important;margin-bottom:0px !important;display:flex !important;opacity:1 !important;z-index:0 !important;}.stk-02a8952:before{background-color:#0037ffb0 !important;opacity:0.5 !important;}.stk-02a8952-container{background-color:#00000000 !important;border-top-left-radius:0px !important;border-top-right-radius:0px !important;border-bottom-right-radius:0px !important;border-bottom-left-radius:0px !important;overflow:hidden !important;box-shadow:none !important;border-top-width:0px !important;border-right-width:0px !important;border-bottom-width:0px !important;border-left-width:0px !important;}.stk-02a8952-container:before{background-color:#00000000 !important;}.stk-02a8952 .stk-block-hero__content{min-height:281px !important;align-items:center !important;max-width:521px !important;min-width:auto !important;margin-right:auto !important;margin-left:0px !important;display:flex !important;}@media screen and (max-width: 767px){.stk-02a8952 {top:0px !important;}}<\/style><div class=\"stk-block-hero__content stk-content-align stk-02a8952-column alignfull stk-container stk-02a8952-container stk-hover-parent\"><div class=\"stk-block-content stk-inner-blocks has-text-align-left stk--column-flex stk-02a8952-inner-blocks\">\n<div style=\"height:282px\" aria-hidden=\"true\" class=\"wp-block-spacer\"><\/div>\n\n\n\n<div class=\"wp-block-stackable-heading stk-block-heading stk-block-heading--v2 stk-block stk-76fe099\" id=\"span-style-color-ffffff-class-stk-highlight-contenido-que-suena-span\" data-block-id=\"76fe099\"><style>.stk-76fe099 {margin-bottom:0px !important;}<\/style><h2 class=\"stk-block-heading__text has-text-align-left\"><span style=\"color: #ffffff;\" class=\"stk-highlight\">contenido que suena<\/span><\/h2><\/div>\n\n\n\n<div class=\"wp-block-stackable-text stk-block-text stk-block stk-7ee488c\" data-block-id=\"7ee488c\"><style>.stk-7ee488c {margin-bottom:0px !important;}<\/style><p class=\"stk-block-text__text has-text-align-left\"><span style=\"color: #ffffff;\" class=\"stk-highlight\">Planificamos, ejecutamos y analizamos las ideas que tienes en mente para tu negocio. Desde la creaci\u00f3n del logo, hasta la impresi\u00f3n del banner para tu campa\u00f1a.<\/span><\/p><\/div>\n<\/div><\/div><\/div>\n\n\n\n<div class=\"wp-block-stackable-hero alignfull stk-block-hero stk-block stk-d34a2a5 stk-block-background is-style-default stk--has-background-overlay\" data-v=\"2\" data-block-id=\"d34a2a5\"><style>.stk-d34a2a5-inner-blocks{justify-content:center !important;}.stk-d34a2a5 {background-color:#0037ffb0 !important;background-image:url(https:\/\/agenciacrocante.pe\/wp-content\/uploads\/2025\/05\/crocante-team.jpg) !important;background-position:center right !important;background-size:cover !important;border-top-left-radius:0px !important;border-top-right-radius:0px !important;border-bottom-right-radius:0px !important;border-bottom-left-radius:0px !important;overflow:hidden !important;box-shadow:none !important;border-style:solid !important;border-top-width:0px !important;border-right-width:0px !important;border-bottom-width:0px !important;border-left-width:0px !important;align-items:flex-end !important;padding-top:0px !important;padding-right:0px !important;padding-bottom:0px !important;padding-left:0px !important;margin-top:0px !important;margin-bottom:0px !important;display:flex !important;opacity:1 !important;z-index:0 !important;}.stk-d34a2a5:before{background-color:#0037ffb0 !important;opacity:0.6 !important;}.stk-d34a2a5-container{background-color:#00000000 !important;border-top-left-radius:0px !important;border-top-right-radius:0px !important;border-bottom-right-radius:0px !important;border-bottom-left-radius:0px !important;overflow:hidden !important;box-shadow:none !important;border-top-width:0px !important;border-right-width:0px !important;border-bottom-width:0px !important;border-left-width:0px !important;}.stk-d34a2a5-container:before{background-color:#00000000 !important;}.stk-d34a2a5 .stk-block-hero__content{min-height:281px !important;align-items:center !important;max-width:521px !important;min-width:auto !important;margin-right:auto !important;margin-left:auto !important;display:flex !important;}@media screen and (max-width: 767px){.stk-d34a2a5 {background-image:url(https:\/\/agenciacrocante.pe\/wp-content\/uploads\/2025\/05\/crocante-team.jpg) !important;background-position:center left !important;background-size:cover !important;top:0px !important;}}<\/style><div class=\"stk-block-hero__content stk-content-align stk-d34a2a5-column alignfull stk-container stk-d34a2a5-container stk-hover-parent\"><div class=\"stk-block-content stk-inner-blocks has-text-align-left stk--column-flex stk-d34a2a5-inner-blocks\">\n<div class=\"wp-block-stackable-heading stk-block-heading stk-block-heading--v2 stk-block stk-717c455\" id=\"span-style-color-ffffff-class-stk-highlight-quenes-somos-span\" data-block-id=\"717c455\"><style>.stk-717c455 {margin-bottom:0px !important;}<\/style><h2 class=\"stk-block-heading__text has-text-align-left\"><span style=\"color: #ffffff;\" class=\"stk-highlight\">\u00bfQu\u00e9nes somos?<\/span><\/h2><\/div>\n\n\n\n<div class=\"wp-block-group is-nowrap is-layout-flex wp-container-core-group-is-layout-6c531013 wp-block-group-is-layout-flex\">\n<div class=\"wp-block-stackable-text stk-block-text stk-block stk-585c055\" data-block-id=\"585c055\"><style>.stk-585c055 {margin-bottom:0px !important;}<\/style><p class=\"stk-block-text__text has-text-align-left\"><span style=\"color: #ffffff;\" class=\"stk-highlight\">Un equipo creativo de profesionales en marketing, comunicaciones y contenido audiovisual. Nuestros integrantes tienen m\u00e1s de 8 a\u00f1os en la industria<\/span>.<\/p><\/div>\n<\/div>\n<\/div><\/div><\/div>\n\n\n\n<div style=\"height:20px\" aria-hidden=\"true\" class=\"wp-block-spacer\"><\/div>\n\n\n\n<div id=\"wp-block-themeisle-blocks-advanced-columns-40db0924\" class=\"wp-block-themeisle-blocks-advanced-columns alignfull has-2-columns has-desktop-equal-layout has-tablet-equal-layout has-mobile-collapsedRows-layout has-vertical-top ticss-c00aadba\"><div class=\"wp-block-themeisle-blocks-advanced-columns-overlay\"><\/div><div class=\"innerblocks-wrap\">\n<div id=\"wp-block-themeisle-blocks-advanced-column-006aede9\" class=\"wp-block-themeisle-blocks-advanced-column\">\n<div id=\"wp-block-themeisle-blocks-font-awesome-icons-2b7e7997\" class=\"wp-block-themeisle-blocks-font-awesome-icons\"><span class=\"wp-block-themeisle-blocks-font-awesome-icons-container\"><svg xmlns=\"http:\/\/www.w3.org\/2000\/svg\" viewBox=\"0 0 1800 1800\"><path d=\"M531.087,344.727c0.247,0,0.492,0.033,0.739,0.033h453.558c16.819,0,30.444-13.625,30.444-30.436 c0-16.815-13.625-30.435-30.444-30.435H638.226H531.826c-16.811,0-30.44,13.62-30.44,30.435 C501.386,330.885,514.624,344.331,531.087,344.727z\"><\/path><path d=\"M531.826,497.389h749.422c16.814,0,30.443-13.629,30.443-30.439c0-16.814-13.629-30.439-30.443-30.439 H531.826c-16.811,0-30.44,13.625-30.44,30.439C501.386,483.76,515.016,497.389,531.826,497.389z\"><\/path><path d=\"M531.826,650.009h749.422c16.814,0,30.443-13.633,30.443-30.444c0-8.872-3.822-16.827-9.877-22.389 c-5.424-4.982-12.625-8.046-20.566-8.046H531.826c-7.938,0-15.143,3.064-20.567,8.046c-6.054,5.562-9.873,13.517-9.873,22.389 C501.386,636.376,515.016,650.009,531.826,650.009z\"><\/path><path d=\"M1311.691,772.194c0-16.806-13.629-30.436-30.443-30.436H531.826c-16.811,0-30.44,13.629-30.44,30.436 c0,16.815,13.629,30.444,30.44,30.444h749.422C1298.063,802.638,1311.691,789.009,1311.691,772.194z\"><\/path><path d=\"M1772.088,533.511c-2.481-3.422-5.691-6.4-9.603-8.622l-246.454-139.961v-82.389v-9.853 c-1.264-7.738-5.432-14.501-11.406-19.066l-49.465-42.835l-131.073-113.508l-61.889-53.596c-5.286-4.582-11.866-7.021-18.591-7.275 h-2.197H937.55h-66.904H383.746c-47.809,0-86.705,38.895-86.705,86.696V382.15L61.554,515.893 c-31.678,11.565-54.396,41.913-54.396,77.54v1067.543c0,45.554,37.064,82.618,82.622,82.618h1625.598 c45.558,0,82.623-37.064,82.623-82.618V593.433C1798,569.839,1788.002,548.583,1772.088,533.511z M1614.426,510.814l92.579,52.583 l-11.661,8.301l-179.313,127.664V571.698v-60.883v-55.873L1614.426,510.814z M1405.5,267.454h-132.895V152.361L1405.5,267.454z M357.922,571.698v-60.883v-93.226v-70.01V143.102c0-14.239,11.585-25.825,25.824-25.825h379.699H886.73h34.734h123.285h167.617 v180.296c0,16.631,13.483,30.11,30.119,30.11h212.674v22.668v70.015v90.448v60.883V742.7l-397.298,282.87l-50.781,36.148 l-18.591,13.241l-81.088,57.728l-81.093-57.728l-18.611-13.25l-50.782-36.155L357.922,741.483V571.698z M193.76,510.814 l103.281-58.649v58.649v60.883V698.14L119.448,571.698l-14.597-10.395L193.76,510.814z M68.036,1648.984V609.822l229.005,163.047 l60.88,43.344L710.7,1067.38l-8.372,7.58l-67.267,60.871L68.036,1648.984z M121.495,1682.723l604.294-546.892l35.693-32.304 l45.37,32.304l82.897,59.028c5.283,3.76,11.462,5.637,17.653,5.637c6.187,0,12.369-1.877,17.652-5.637l82.889-59.028l45.354-32.286 l35.686,32.286l604.311,546.892H121.495z M1737.119,1640.271l-557.41-504.439l-67.267-60.871l-8.359-7.563l351.077-249.962 l60.871-43.348l221.088-157.407V1640.271z\"><\/path><\/svg><\/span><\/div>\n\n\n\n<h2 id=\"wp-block-themeisle-blocks-advanced-heading-8e35b90f\" class=\"wp-block-themeisle-blocks-advanced-heading wp-block-themeisle-blocks-advanced-heading-8e35b90f\">cont\u00e1ctanos<\/h2>\n\n\n\n<div id=\"wp-block-themeisle-blocks-icon-list-dfc1fb3a\" class=\"wp-block-themeisle-blocks-icon-list\">\n<div id=\"wp-block-themeisle-blocks-icon-list-item-e6a57e87\" class=\"wp-block-themeisle-blocks-icon-list-item\"><i class=\"fab fa-whatsapp wp-block-themeisle-blocks-icon-list-item-icon\"><\/i><p class=\"wp-block-themeisle-blocks-icon-list-item-content\"><a href=\"https:\/\/wa.link\/9f9y4g\" target=\"_blank\" rel=\"noreferrer noopener\">+51 968 434 450<\/a><\/p><\/div>\n\n\n\n<div id=\"wp-block-themeisle-blocks-icon-list-item-648b3a6e\" class=\"wp-block-themeisle-blocks-icon-list-item\"><i class=\"far fa-envelope wp-block-themeisle-blocks-icon-list-item-icon\"><\/i><p class=\"wp-block-themeisle-blocks-icon-list-item-content\">empecemos@agenciacrocante.pe<\/p><\/div>\n<\/div>\n\n\n\n<div style=\"height:25px\" aria-hidden=\"true\" class=\"wp-block-spacer\"><\/div>\n<\/div>\n\n\n\n<div id=\"wp-block-themeisle-blocks-advanced-column-ee3078f9\" class=\"wp-block-themeisle-blocks-advanced-column\">\n<div id=\"wp-block-themeisle-blocks-form-c02278c7\" class=\"wp-block-themeisle-blocks-form\" data-option-name=\"c2eb8bd854e208da2f71112e4c77e4f3b4dc3c84_c02278c7\"><form class=\"otter-form__container\">\n<div id=\"wp-block-themeisle-blocks-form-input-b7bbe5bf\" class=\"wp-block-themeisle-blocks-form-input\"><label for=\"wp-block-themeisle-blocks-form-input-b7bbe5bf-input\" class=\"otter-form-input-label\"><span class=\"otter-form-input-label__label\">Nombre<\/span><span class=\"required\">*<\/span><\/label><input type=\"text\" id=\"wp-block-themeisle-blocks-form-input-b7bbe5bf-input\" required class=\"otter-form-input\"\/><\/div>\n\n\n\n<div id=\"wp-block-themeisle-blocks-form-input-6cf151a8\" class=\"wp-block-themeisle-blocks-form-input\"><label for=\"wp-block-themeisle-blocks-form-input-6cf151a8-input\" class=\"otter-form-input-label\"><span class=\"otter-form-input-label__label\">Email<\/span><span class=\"required\">*<\/span><\/label><input type=\"email\" id=\"wp-block-themeisle-blocks-form-input-6cf151a8-input\" required class=\"otter-form-input\"\/><\/div>\n\n\n\n<div id=\"wp-block-themeisle-blocks-form-textarea-516ebef1\" class=\"wp-block-themeisle-blocks-form-textarea\"><label for=\"wp-block-themeisle-blocks-form-textarea-516ebef1-input\" class=\"otter-form-textarea-label\"><span class=\"otter-form-textarea-label__label\">\u00bfCu\u00e1l es la idea que tienes en mente para tu negocio?<\/span><\/label><textarea id=\"wp-block-themeisle-blocks-form-textarea-516ebef1-input\" rows=\"10\" class=\"otter-form-textarea-input\"><\/textarea><\/div>\n\n\n\n<p class=\"has-extra-small-font-size\">*Al enviar el formulario, aceptas recibir correos para que podamos comunicarnos contigo.<\/p>\n\n\n<div class=\"protection\" aria-hidden=\"true\"><input type=\"hidden\" id=\"wp-block-themeisle-blocks-form-c02278c7_nonce_field\" name=\"wp-block-themeisle-blocks-form-c02278c7_nonce_field\" value=\"fa2cc41940\" \/><input type=\"hidden\" name=\"_wp_http_referer\" value=\"\/index.php?rest_route=%2Fwp%2Fv2%2Fpages%2F1037\" \/><input class=\"o-anti-bot\" type=\"checkbox\"><\/div><div class=\"wp-block-button\"><button class=\"wp-block-button__link\" type=\"submit\">Enviar<\/button><\/div><\/form><\/div>\n<\/div>\n<\/div><\/div>\n","protected":false},"excerpt":{"rendered":"<p>contenido que suena Planificamos, ejecutamos y analizamos las ideas que tienes en mente para tu negocio. Desde la creaci\u00f3n del logo, hasta la impresi\u00f3n del banner para tu campa\u00f1a. \u00bfQu\u00e9nes somos? Un equipo creativo de profesionales en marketing, comunicaciones y contenido audiovisual. Nuestros integrantes tienen m\u00e1s de 8 a\u00f1os en la industria.<\/p>\n","protected":false},"author":2,"featured_media":0,"parent":0,"menu_order":0,"comment_status":"closed","ping_status":"closed","template":"","meta":{"_gspb_post_css":"","content-type":"","_themeisle_gutenberg_block_has_review":false,"footnotes":""},"class_list":["post-1037","page","type-page","status-publish","hentry"],"_links":{"self":[{"href":"https:\/\/agenciacrocante.pe\/index.php?rest_route=\/wp\/v2\/pages\/1037","targetHints":{"allow":["GET"]}}],"collection":[{"href":"https:\/\/agenciacrocante.pe\/index.php?rest_route=\/wp\/v2\/pages"}],"about":[{"href":"https:\/\/agenciacrocante.pe\/index.php?rest_route=\/wp\/v2\/types\/page"}],"author":[{"embeddable":true,"href":"https:\/\/agenciacrocante.pe\/index.php?rest_route=\/wp\/v2\/users\/2"}],"replies":[{"embeddable":true,"href":"https:\/\/agenciacrocante.pe\/index.php?rest_route=%2Fwp%2Fv2%2Fcomments&post=1037"}],"version-history":[{"count":56,"href":"https:\/\/agenciacrocante.pe\/index.php?rest_route=\/wp\/v2\/pages\/1037\/revisions"}],"predecessor-version":[{"id":1210,"href":"https:\/\/agenciacrocante.pe\/index.php?rest_route=\/wp\/v2\/pages\/1037\/revisions\/1210"}],"wp:attachment":[{"href":"https:\/\/agenciacrocante.pe\/index.php?rest_route=%2Fwp%2Fv2%2Fmedia&parent=1037"}],"curies":[{"name":"wp","href":"https:\/\/api.w.org\/{rel}","templated":true}]}}